{"id":56,"date":"2025-05-05T12:05:41","date_gmt":"2025-05-05T12:05:41","guid":{"rendered":"https:\/\/federicarusso.org\/?page_id=56"},"modified":"2025-05-05T12:10:12","modified_gmt":"2025-05-05T12:10:12","slug":"homepage-2","status":"publish","type":"page","link":"https:\/\/federicarusso.org\/?page_id=56","title":{"rendered":"HOMEPAGE 2"},"content":{"rendered":"\t\t<div data-elementor-type=\"wp-page\" data-elementor-id=\"56\" class=\"elementor elementor-56\">\n\t\t\t\t<div class=\"elementor-element elementor-element-8699049 e-flex e-con-boxed e-con e-parent\" data-id=\"8699049\" data-element_type=\"container\">\n\t\t\t\t\t<div class=\"e-con-inner\">\n\t\t\t\t<div class=\"elementor-element elementor-element-628e58b9 elementor-widget elementor-widget-text-editor\" data-id=\"628e58b9\" data-element_type=\"widget\" data-widget_type=\"text-editor.default\">\n\t\t\t\t<div class=\"elementor-widget-container\">\n\t\t\t\t\t\t\t\t\t\n<div class=\"wp-block-group alignfull has-global-padding is-layout-constrained wp-container-core-group-is-layout-0c9c989a wp-block-group-is-layout-constrained\" style=\"min-height: 0vh; margin-top: 0; margin-bottom: 0; padding: var(--wp--preset--spacing--70) var(--wp--preset--spacing--40) var(--wp--preset--spacing--70) var(--wp--preset--spacing--40);\">\n<div class=\"wp-block-group has-global-padding is-layout-constrained wp-container-core-group-is-layout-346627ba wp-block-group-is-layout-constrained\">\n<h2 class=\"wp-block-heading has-text-align-center has-xx-large-font-size\" style=\"margin-right: 0; margin-left: 0; padding-right: 0; padding-left: 0;\">Racconta la tua storia<\/h2>\n\n<p class=\"has-text-align-center\">Come i fiori che sbocciano in luoghi inaspettati, ogni storia si svela con bellezza e resilienza, rivelando meraviglie nascoste.<\/p>\n\n<div class=\"wp-block-buttons is-content-justification-center is-layout-flex wp-container-core-buttons-is-layout-a89b3969 wp-block-buttons-is-layout-flex\">\n<div class=\"wp-block-button\"><a class=\"wp-block-button__link wp-element-button\">Approfondisci<\/a><\/div>\n<\/div>\n<\/div>\n<\/div>\n\n<div class=\"wp-block-group alignfull is-style-section-1 has-global-padding is-layout-constrained wp-block-group-is-layout-constrained is-style-section-1--8\" style=\"margin-top: 0; margin-bottom: 0; padding-top: var(--wp--preset--spacing--80); padding-bottom: var(--wp--preset--spacing--80);\">\n<div class=\"wp-block-columns alignwide is-layout-flex wp-container-core-columns-is-layout-66fad18a wp-block-columns-is-layout-flex\">\n<div class=\"wp-block-column is-layout-flow wp-block-column-is-layout-flow\" style=\"padding-right: var(--wp--preset--spacing--50); flex-basis: 45%;\">\n<figure class=\"wp-block-image size-full\"><img decoding=\"async\" src=\"https:\/\/federicarusso.org\/wp-content\/themes\/twentytwentyfive\/assets\/images\/red-hibiscus-closeup.webp\" alt=\"Foto di un fiore rosso in primo piano.\" \/><\/figure>\n\n<div class=\"wp-block-group has-global-padding is-layout-constrained wp-block-group-is-layout-constrained\" style=\"margin-top: -12vw;\">\n<figure class=\"wp-block-image alignright size-full is-resized\" style=\"margin-right: -5vw; margin-left: -5vw;\"><img decoding=\"async\" style=\"width: 202px;\" src=\"https:\/\/federicarusso.org\/wp-content\/themes\/twentytwentyfive\/assets\/images\/grid-flower-2.webp\" alt=\"Fotografia in bianco e nero, primo piano di un fiore.\" \/><\/figure>\n<\/div>\n<\/div>\n\n<div class=\"wp-block-column is-vertically-aligned-center is-layout-flow wp-block-column-is-layout-flow\" style=\"padding-right: 0; padding-left: 0; flex-basis: 50%;\">\n<div class=\"wp-block-group is-vertical is-layout-flex wp-container-core-group-is-layout-fe9cc265 wp-block-group-is-layout-flex\">\n<h2 class=\"wp-block-heading is-style-text-annotation is-style-text-annotation--9\">Chi siamo<\/h2>\n<\/div>\n\n<p class=\"is-style-text-subtitle is-style-text-subtitle--10\"><strong>Fleurs<\/strong> \u00e8 un&#8217;attivit\u00e0 di consegna e abbonamento di fiori. Con sede nell&#8217;UE, la nostra missione non \u00e8 solo la fornitura di splendide composizioni floreali, ma anche la promozione della conoscenza e dell&#8217;entusiasmo per il meraviglioso dono della natura: i fiori.<\/p>\n<\/div>\n<\/div>\n<\/div>\n\n<div class=\"wp-block-group alignfull has-global-padding is-layout-constrained wp-container-core-group-is-layout-ebee8dc1 wp-block-group-is-layout-constrained\" style=\"margin-top: 0; margin-bottom: 0; padding-top: var(--wp--preset--spacing--50); padding-bottom: var(--wp--preset--spacing--50);\">\n<h2 class=\"wp-block-heading alignwide\">I nostri servizi<\/h2>\n\n<div class=\"wp-block-columns alignwide is-layout-flex wp-container-core-columns-is-layout-28f84493 wp-block-columns-is-layout-flex\">\n<div class=\"wp-block-column is-layout-flow wp-block-column-is-layout-flow\">\n<figure class=\"wp-block-image size-full\" style=\"margin-bottom: 24px;\"><img decoding=\"async\" style=\"aspect-ratio: 4\/3; object-fit: cover;\" src=\"https:\/\/federicarusso.org\/wp-content\/themes\/twentytwentyfive\/assets\/images\/campanula-alliariifolia-flower.webp\" alt=\"Immagine per il servizio\" \/><\/figure>\n\n<h3 class=\"wp-block-heading\">Collect<\/h3>\n\n<p class=\"has-medium-font-size\">Come i fiori che sbocciano in luoghi inaspettati, ogni storia si svela con bellezza e resilienza<\/p>\n<\/div>\n\n<div class=\"wp-block-column is-layout-flow wp-block-column-is-layout-flow\">\n<figure class=\"wp-block-image size-full\" style=\"margin-bottom: 24px;\"><img decoding=\"async\" style=\"aspect-ratio: 4\/3; object-fit: cover;\" src=\"https:\/\/federicarusso.org\/wp-content\/themes\/twentytwentyfive\/assets\/images\/delphinium-flowers.webp\" alt=\"Immagine per il servizio\" \/><\/figure>\n\n<h3 class=\"wp-block-heading\">Assemble<\/h3>\n\n<p class=\"has-medium-font-size\">Come i fiori che sbocciano in luoghi inaspettati, ogni storia si svela con bellezza e resilienza<\/p>\n<\/div>\n\n<div class=\"wp-block-column is-layout-flow wp-block-column-is-layout-flow\">\n<figure class=\"wp-block-image size-full\" style=\"margin-bottom: 24px;\"><img decoding=\"async\" style=\"aspect-ratio: 4\/3; object-fit: cover;\" src=\"https:\/\/federicarusso.org\/wp-content\/themes\/twentytwentyfive\/assets\/images\/star-thristle-flower.webp\" alt=\"Immagine per il servizio\" \/><\/figure>\n\n<h3 class=\"wp-block-heading\">Deliver<\/h3>\n\n<p class=\"has-medium-font-size\">Come i fiori che sbocciano in luoghi inaspettati, ogni storia si svela con bellezza e resilienza<\/p>\n<\/div>\n<\/div>\n<\/div>\n\n<div class=\"wp-block-group alignfull has-global-padding is-layout-constrained wp-block-group-is-layout-constrained\" style=\"margin-top: 0; margin-bottom: 0; padding-top: var(--wp--preset--spacing--60); padding-bottom: var(--wp--preset--spacing--60);\">\n<div class=\"wp-block-columns alignwide is-layout-flex wp-container-core-columns-is-layout-74b2cda3 wp-block-columns-is-layout-flex\">\n<div class=\"wp-block-column is-layout-flow wp-block-column-is-layout-flow\">\n<div class=\"wp-block-group is-vertical is-content-justification-left is-layout-flex wp-container-core-group-is-layout-7ce391b6 wp-block-group-is-layout-flex\" style=\"min-height: 100%;\">\n<h2 class=\"wp-block-heading is-style-text-annotation has-x-small-font-size is-style-text-annotation--11\">Cosa dicono di noi<\/h2>\n\n<blockquote class=\"wp-block-quote is-style-plain has-x-large-font-size is-layout-flow wp-container-core-quote-is-layout-5dafc681 wp-block-quote-is-layout-flow is-style-plain--12\" style=\"font-style: normal; font-weight: 400;\">\n<div class=\"wp-block-group has-global-padding is-content-justification-left is-layout-constrained wp-container-core-group-is-layout-085bd3d9 wp-block-group-is-layout-constrained\" style=\"margin-top: 0; margin-bottom: 0; padding: 0;\">\n<p class=\"has-xx-large-font-size\">&#8220;Prodotto e assistenza clienti eccellenti!&#8221;<\/p>\n<\/div>\n<cite>Jo Mulligan <br \/><sub>Atlanta, GA<\/sub><\/cite><\/blockquote>\n<\/div>\n<\/div>\n\n<div class=\"wp-block-column is-layout-flow wp-block-column-is-layout-flow\" style=\"padding: 0;\">\n<figure class=\"wp-block-image size-large\"><img decoding=\"async\" style=\"aspect-ratio: 1; object-fit: cover;\" src=\"https:\/\/federicarusso.org\/wp-content\/themes\/twentytwentyfive\/assets\/images\/typewriter.webp\" alt=\"Immagine di una persona che scrive con una macchina per scrivere.\" \/><\/figure>\n<\/div>\n<\/div>\n<\/div>\n\n<div class=\"wp-block-group alignfull has-global-padding is-layout-constrained wp-block-group-is-layout-constrained\" style=\"margin-top: 0; margin-bottom: 0; padding-top: var(--wp--preset--spacing--60); padding-bottom: var(--wp--preset--spacing--60);\">\n<h2 class=\"wp-block-heading alignwide has-text-align-center\">Prezzi<\/h2>\n\n<p class=\"has-text-align-center\">Annulla o metti in pausa in qualsiasi momento.<\/p>\n\n<div class=\"wp-block-spacer\" style=\"height: var(--wp--preset--spacing--40);\" aria-hidden=\"true\">\u00a0<\/div>\n\n<div class=\"wp-block-columns alignwide is-layout-flex wp-container-core-columns-is-layout-1d9f35bd wp-block-columns-is-layout-flex\">\n<div class=\"wp-block-column has-border-color is-layout-flow wp-block-column-is-layout-flow\" style=\"border-color: var(--wp--preset--color--accent-6); border-width: 1px; border-radius: 10px; padding: var(--wp--preset--spacing--50);\">\n<h3 id=\"free\" class=\"wp-block-heading\">Gratuito<\/h3>\n\n<p class=\"has-large-font-size\">0\u20ac<\/p>\n\n<ul class=\"wp-block-list is-style-checkmark-list has-small-font-size\" style=\"padding-bottom: var(--wp--preset--spacing--20); padding-left: var(--wp--preset--spacing--20);\">\n<li>Ottieni l&#8217;accesso ai nostri articoli a pagamento e alla newsletter settimanale.<\/li>\n\n<li>Partecipa ai nostri eventi IRL.<\/li>\n\n<li>Ottieni una shopper in omaggio.<\/li>\n\n<li>Un&#8217;elegante aggiunta alla collezione di decorazioni per la casa.<\/li>\n\n<li>Iscriviti ai nostri forum.<\/li>\n<\/ul>\n\n<div class=\"wp-block-buttons is-content-justification-center is-layout-flex wp-container-core-buttons-is-layout-a89b3969 wp-block-buttons-is-layout-flex\">\n<div class=\"wp-block-button has-custom-width wp-block-button__width-100\"><a class=\"wp-block-button__link wp-element-button\">Iscriviti<\/a><\/div>\n<\/div>\n<\/div>\n\n<div class=\"wp-block-column has-border-color is-layout-flow wp-block-column-is-layout-flow\" style=\"border-color: var(--wp--preset--color--accent-6); border-width: 1px; border-radius: 10px; padding: var(--wp--preset--spacing--50);\">\n<h3 id=\"single\" class=\"wp-block-heading\">Singolo<\/h3>\n\n<p class=\"has-large-font-size\">20\u20ac\/mese<\/p>\n\n<ul class=\"wp-block-list is-style-checkmark-list has-small-font-size\" style=\"padding-bottom: var(--wp--preset--spacing--20); padding-left: var(--wp--preset--spacing--20);\">\n<li>Ottieni l&#8217;accesso ai nostri articoli a pagamento e alla newsletter settimanale.<\/li>\n\n<li>Partecipa ai nostri eventi IRL.<\/li>\n\n<li>Ottieni una shopper in omaggio.<\/li>\n\n<li>Un&#8217;elegante aggiunta alla collezione di decorazioni per la casa.<\/li>\n\n<li>Iscriviti ai nostri forum.<\/li>\n<\/ul>\n\n<div class=\"wp-block-buttons is-content-justification-center is-layout-flex wp-container-core-buttons-is-layout-a89b3969 wp-block-buttons-is-layout-flex\">\n<div class=\"wp-block-button has-custom-width wp-block-button__width-100\"><a class=\"wp-block-button__link wp-element-button\">Iscriviti<\/a><\/div>\n<\/div>\n<\/div>\n<\/div>\n<\/div>\n\n<aside class=\"wp-block-group alignfull is-style-section-3 has-global-padding is-layout-constrained wp-container-core-group-is-layout-f0f2a97b wp-block-group-is-layout-constrained is-style-section-3--13\" style=\"margin-top: 0; margin-bottom: 0; padding: var(--wp--preset--spacing--50);\">\n<div class=\"wp-block-group is-vertical is-content-justification-center is-layout-flex wp-container-core-group-is-layout-8778ca4a wp-block-group-is-layout-flex\" style=\"min-height: 360px; margin-top: 0; margin-bottom: 0;\">\n<h2 class=\"wp-block-heading has-text-align-center has-xx-large-font-size\">Abbonati per ottenere storie quotidiane<\/h2>\n\n<p class=\"has-text-align-center is-style-text-subtitle is-style-text-subtitle--14\">Ottieni l&#8217;accesso ad una raccolta curata di momenti nel tempo con fotografie di rilevanza storica.<\/p>\n\n<div class=\"wp-block-spacer wp-container-content-62aae154\" style=\"height: 0px;\" aria-hidden=\"true\">\u00a0<\/div>\n\n<div class=\"wp-block-buttons is-content-justification-center is-layout-flex wp-container-core-buttons-is-layout-a89b3969 wp-block-buttons-is-layout-flex\">\n<div class=\"wp-block-button\"><a class=\"wp-block-button__link has-text-align-center wp-element-button\">Abbonati<\/a><\/div>\n<\/div>\n<\/div>\n<\/aside>\n\t\t\t\t\t\t\t\t<\/div>\n\t\t\t\t<\/div>\n\t\t\t\t\t<\/div>\n\t\t\t\t<\/div>\n\t\t\t\t<\/div>\n\t\t","protected":false},"excerpt":{"rendered":"<p>Racconta la tua storia Come i fiori che sbocciano in luoghi inaspettati, ogni storia si svela con bellezza e resilienza, rivelando meraviglie nascoste. Chi siamo Fleurs \u00e8 un&#8217;attivit\u00e0 di consegna e abbonamento di fiori. Con sede nell&#8217;UE, la nostra missione non \u00e8 solo la fornitura di splendide composizioni floreali, ma anche la promozione della conoscenza [&hellip;]<\/p>\n","protected":false},"author":1,"featured_media":0,"parent":0,"menu_order":0,"comment_status":"closed","ping_status":"closed","template":"elementor_header_footer","meta":{"footnotes":""},"class_list":["post-56","page","type-page","status-publish","hentry"],"_links":{"self":[{"href":"https:\/\/federicarusso.org\/index.php?rest_route=\/wp\/v2\/pages\/56","targetHints":{"allow":["GET"]}}],"collection":[{"href":"https:\/\/federicarusso.org\/index.php?rest_route=\/wp\/v2\/pages"}],"about":[{"href":"https:\/\/federicarusso.org\/index.php?rest_route=\/wp\/v2\/types\/page"}],"author":[{"embeddable":true,"href":"https:\/\/federicarusso.org\/index.php?rest_route=\/wp\/v2\/users\/1"}],"replies":[{"embeddable":true,"href":"https:\/\/federicarusso.org\/index.php?rest_route=%2Fwp%2Fv2%2Fcomments&post=56"}],"version-history":[{"count":10,"href":"https:\/\/federicarusso.org\/index.php?rest_route=\/wp\/v2\/pages\/56\/revisions"}],"predecessor-version":[{"id":67,"href":"https:\/\/federicarusso.org\/index.php?rest_route=\/wp\/v2\/pages\/56\/revisions\/67"}],"wp:attachment":[{"href":"https:\/\/federicarusso.org\/index.php?rest_route=%2Fwp%2Fv2%2Fmedia&parent=56"}],"curies":[{"name":"wp","href":"https:\/\/api.w.org\/{rel}","templated":true}]}}